{"id":16,"date":"2019-08-14T15:03:35","date_gmt":"2019-08-14T13:03:35","guid":{"rendered":"http:\/\/www.irppsy.com\/?page_id=16"},"modified":"2022-08-05T13:49:44","modified_gmt":"2022-08-05T11:49:44","slug":"actualites","status":"publish","type":"page","link":"https:\/\/www.irppsy.com\/index.php\/actualites\/","title":{"rendered":"Actualit\u00e9s"},"content":{"rendered":"<p><strong><span style=\"color: #0a3978;\"><span style=\"caret-color: #0a3978;\">Vous \u00eates un(e) Professionnel(e)<\/span>\u00a0du soin ?<\/span><\/strong><\/p>\n<div><strong><em><span style=\"text-align: justify;\"><span style=\"color: #0a3978;\">Vous pouvez cliquer sur le menu Formations pour les nouvelles sessions de la rentr\u00e9e 2022.<\/span><\/span><\/em><\/strong><\/div>\n<div><\/div>\n<p><strong><span><span style=\"color: #0a3978;\">Vous pouvez recevoir les actualit\u00e9s de l&rsquo;Irppsy en vous abonnant \u00e0 la newsletter en envoyant un e-mail \u00a0et en demandant l\u2019abonnement \u00a0\u00e0 l\u2019adresse contact@irppsy.com ou\u00a0<span style=\"caret-color: #0a3978;\">consulter<\/span>\u00a0les actualit\u00e9s ci-dessous.<\/span><\/span><\/strong><\/p>\n<div><strong><span style=\"color: #0a3978;\">L\u2019IRPPSY organise de nouvelles sessions de formation professionnelle continue centr\u00e9es sur les approches contextuelles<\/span> <span style=\"color: #0a3978;\">de la psychoth\u00e9rapie.<\/span><\/strong><\/div>\n<div><\/div>\n<div><strong><span style=\"color: #0a3978;\">Voici les premi\u00e8res sessions de la rentr\u00e9e \u00a0!<\/span><\/strong><\/div>\n<div><\/div>\n<div><\/div>\n<div>\n<p><span style=\"color: #0a3978;\"><strong>En Septembre 2022 :<\/strong><\/span><\/p>\n<p><span style=\"color: #0a3978;\"><strong>D\u00e9couvrez L&rsquo; ACT et d\u00e9butez votre pratique d\u00e8s la sortie de cette formation ! Pour r\u00e9pondre \u00e0 la demande, de nouvelles sessions de la formation\u00a0originale \u00a0<a style=\"color: #0a3978;\" href=\"https:\/\/www.irppsy.com\/index.php\/2021\/12\/06\/formation-act-start-en-ligne\/\">ACT START <\/a>qui\u00a0depuis 2017\u00a0vise \u00e0 enseigner les bases th\u00e9oriques et pratiques n\u00e9cessaires \u00e0 l\u2019utilisation de l\u2019approche ACT en psychoth\u00e9rapie.<\/strong><\/span>\u00a0A l\u2019issue de cette formation, les th\u00e9rapeutes pourront commencer \u00e0 utiliser les principes et les outils de l\u2019ACT dans leur pratique clinique. <strong><span style=\"color: #0a3978;\"><a style=\"color: #0a3978;\" href=\"https:\/\/www.irppsy.com\/?p=265&amp;preview=true\">En savoir plus &#8230;<\/a><\/span><\/strong><\/p>\n<\/div>\n<div><\/div>\n<div>\n<p><span style=\"color: #0a3978;\"><strong>En Novembre 2022 :<\/strong><\/span><\/p>\n<div><span style=\"color: #0a3978;\"><strong>Apprenez \u00e0 utiliser le feedback de vos patients<\/strong><\/span> sur leur progression pendant la th\u00e9rapie <span style=\"color: #0a3978;\"><strong>et \u00e0 cr\u00e9er, entretenir et r\u00e9parer l&rsquo;alliance th\u00e9rapeutique pour booster votre efficacit\u00e9 clinique.<\/strong><\/span> <strong><span style=\"color: #0a3978;\">Les formations FIT<\/span> <\/strong>(Feedback Informed Treatment) <span style=\"color: #0a3978;\"><strong>sont uniques en France<\/strong><\/span> et dispens\u00e9es par un formateur certifi\u00e9 par l&rsquo;International Center For Clinical Excellence (USA), et sp\u00e9cialiste, avec\u00a0plus de 12 ann\u00e9es d&rsquo;exp\u00e9rience, de l&rsquo;Utilisation du Routine Outcome Monitoring (ROM), avec l&rsquo;utilisation du syst\u00e8me PCOMS (\u00e9chelles ORS et SRS) et d&rsquo;autres outils ROM.<\/div>\n<div><\/div>\n<div><strong style=\"font-size: 1rem;\"><span style=\"color: #0a3978;\"><a style=\"color: #0a3978;\" href=\"http:\/\/www.irppsy.com\/index.php\/2019\/03\/22\/formation-feedback-informed-treatment-fit-start\/\">La formation FIT\u00a0Start <\/a><\/span><\/strong><span style=\"color: #0a3978;\"><b>(niveau D\u00e9butant)\u00a0pour d\u00e9couvrir les outils de feedback permettant d\u2019\u00e9valuer et d\u2019am\u00e9liorer l&rsquo;efficacit\u00e9 de vos th\u00e9rapies. <\/b><\/span><span style=\"color: #232323;\">Ces outils (\u00e9chelles ORS et SRS du syst\u00e8me PCOMS) permettent de\u00a0<\/span><span style=\"color: #232323;\"><span>monitoire<\/span><\/span><span style=\"color: #232323;\">\u00a0l&rsquo;alliance\u00a0th\u00e9rapeutique et l&rsquo;efficacit\u00e9 des soins.\u00a0<\/span><span style=\"color: #0a3978;\"><strong>Une formation\u00a0<span style=\"caret-color: #232323;\">unique<\/span>\u00a0en France <\/strong><\/span><span style=\"color: #232323;\"><strong><span style=\"color: #0a3978;\">sur le<\/span><\/strong> Feedback Informed Treatment &#8211;<\/span><strong style=\"font-size: 1rem;\"><span style=\"color: #0a3978;\"> FIT <\/span><\/strong><b style=\"font-size: 1rem;\"><span style=\"color: #232323;\">avec un sp\u00e9cialiste francophone<\/span><\/b><strong style=\"font-size: 1rem;\"><span style=\"color: #232323;\"> certifi\u00e9 du Suivi Continu des R\u00e9sultats (Routine Outcome Monitoring -ROM). <span style=\"color: #0a3978;\"><a style=\"color: #0a3978;\" href=\"http:\/\/www.irppsy.com\/index.php\/2019\/03\/22\/formation-feedback-informed-treatment-fit-start\/\">En savoir plus :<\/a><\/span><\/span><\/strong><\/div>\n<\/div>\n<div><strong><span><span style=\"color: #0a3978;\">\u00a0<\/span><\/span><\/strong><\/div>\n<div><\/div>\n<div>\n<p><strong><span style=\"color: #0a3978;\">En D\u00e9cembre 2022 :<\/span><\/strong><\/p>\n<p><span style=\"color: #0a3978;\"><strong><a style=\"color: #0a3978;\" href=\"https:\/\/www.irppsy.com\/index.php\/2021\/12\/06\/formation-act-flow\/\">Une nouvelle session de formation, ACT Flow (niveau II)<\/a><\/strong><\/span><span style=\"color: #232323;\"><span style=\"color: #0a3978;\"><strong> pour \u00e9valuer et travailler sp\u00e9cifiquement<\/strong><\/span> de mani\u00e8re intensive sur <span style=\"color: #0a3978;\"><strong>ses\u00a0comp\u00e9tences de th\u00e9rapeute ACT<\/strong><\/span> par un entra\u00eenement cibl\u00e9 sur les 6 processus de l\u2019Hexaflex. Cette formation est destin\u00e9e \u00e0 des praticiens qui ont\u00a0d\u00e9j\u00e0 suivi une ou plusieurs formation \u00e0 l\u2019ACT. <strong><span style=\"color: #0a3978;\">\u00a0Progressez significativement<\/span><\/strong> dans votre utilisation de la Th\u00e9rapie d&rsquo;Acceptation et d&rsquo;Engagement. <\/span><strong style=\"font-size: 1rem;\"><span style=\"color: #0a3978;\"><a style=\"color: #0a3978;\" href=\"https:\/\/www.irppsy.com\/index.php\/2021\/12\/06\/formation-act-flow\/\">En savoir plus &#8230;<\/a><\/span><\/strong><\/p>\n<\/div>\n<div><\/div>\n<div><\/div>\n<div><\/div>\n<div><\/div>\n<div>\n<hr \/>\n<\/div>\n<div><\/div>\n<div><\/div>\n<div>\n<hr \/>\n<\/div>\n<div>\n<ul style=\"list-style-type: circle;\">\n<li style=\"text-align: justify;\"><\/li>\n<\/ul>\n<ul style=\"list-style-type: circle;\">\n<li style=\"text-align: justify;\"><\/li>\n<\/ul>\n<ul style=\"list-style-type: circle;\">\n<li style=\"text-align: justify;\"><\/li>\n<\/ul>\n<ul style=\"list-style-type: circle;\">\n<li style=\"text-align: justify;\"><span style=\"color: #0a3978;\"><strong>De nouvelles sessions de formation compl\u00e9mentaires<\/strong> aux comp\u00e9tences centrales de l&rsquo;ACT et aux approches apparent\u00e9es\u00a0<strong>et\u00a0encore plus&#8230;<\/strong><\/span><\/li>\n<\/ul>\n<p><span style=\"color: #0a3978;\"><strong>A bient\u00f4t \u00e0 l&rsquo;IRPPSY<\/strong><\/span><\/p>\n<\/div>\n","protected":false},"excerpt":{"rendered":"<p>Vous \u00eates un(e) Professionnel(e)\u00a0du soin ? Vous pouvez cliquer sur le menu Formations pour les nouvelles sessions de la rentr\u00e9e 2022. Vous pouvez recevoir les actualit\u00e9s de l&rsquo;Irppsy en vous abonnant \u00e0 la newsletter en envoyant un e-mail \u00a0et en demandant l\u2019abonnement \u00a0\u00e0 l\u2019adresse contact@irppsy.com ou\u00a0consulter\u00a0les actualit\u00e9s ci-dessous. L\u2019IRPPSY organise de nouvelles sessions de formation &hellip; <\/p>\n<p class=\"link-more\"><a href=\"https:\/\/www.irppsy.com\/index.php\/actualites\/\" class=\"more-link\">Continuer la lecture<span class=\"screen-reader-text\"> de &laquo;&nbsp;Actualit\u00e9s&nbsp;&raquo;<\/span><\/a><\/p>\n","protected":false},"author":1,"featured_media":0,"parent":0,"menu_order":0,"comment_status":"closed","ping_status":"closed","template":"","meta":{"footnotes":""},"class_list":["post-16","page","type-page","status-publish","hentry"],"_links":{"self":[{"href":"https:\/\/www.irppsy.com\/index.php\/wp-json\/wp\/v2\/pages\/16","targetHints":{"allow":["GET"]}}],"collection":[{"href":"https:\/\/www.irppsy.com\/index.php\/wp-json\/wp\/v2\/pages"}],"about":[{"href":"https:\/\/www.irppsy.com\/index.php\/wp-json\/wp\/v2\/types\/page"}],"author":[{"embeddable":true,"href":"https:\/\/www.irppsy.com\/index.php\/wp-json\/wp\/v2\/users\/1"}],"replies":[{"embeddable":true,"href":"https:\/\/www.irppsy.com\/index.php\/wp-json\/wp\/v2\/comments?post=16"}],"version-history":[{"count":117,"href":"https:\/\/www.irppsy.com\/index.php\/wp-json\/wp\/v2\/pages\/16\/revisions"}],"predecessor-version":[{"id":1081,"href":"https:\/\/www.irppsy.com\/index.php\/wp-json\/wp\/v2\/pages\/16\/revisions\/1081"}],"wp:attachment":[{"href":"https:\/\/www.irppsy.com\/index.php\/wp-json\/wp\/v2\/media?parent=16"}],"curies":[{"name":"wp","href":"https:\/\/api.w.org\/{rel}","templated":true}]}}