{"id":203,"date":"2018-07-02T17:22:03","date_gmt":"2018-07-02T15:22:03","guid":{"rendered":"http:\/\/www.irppsy.com\/?page_id=203"},"modified":"2021-12-06T13:24:50","modified_gmt":"2021-12-06T12:24:50","slug":"politique-de-confidentialite-et-rgpd","status":"publish","type":"page","link":"https:\/\/www.irppsy.com\/index.php\/politique-de-confidentialite-et-rgpd\/","title":{"rendered":"Gestion des donn\u00e9es personnelles,  politique de confidentialit\u00e9 &#8211; RGPD et m\u00e9diation"},"content":{"rendered":"<h2>Qui sommes-nous\u00a0?<\/h2>\n<p style=\"text-align: justify;\">L\u2019adresse du site Web est\u00a0: http:\/\/www.irppsy.com.<\/p>\n<p style=\"text-align: justify;\">L&rsquo;organisme de formation IRPPSY est domicili\u00e9 \u00e0 l&rsquo;adresse :<\/p>\n<p><a href=\"https:\/\/www.irppsy.com\/wp-content\/uploads\/2021\/12\/adresse.png\"><img loading=\"lazy\" decoding=\"async\" class=\" wp-image-908\" src=\"https:\/\/www.irppsy.com\/wp-content\/uploads\/2021\/12\/adresse.png\" alt=\"\" width=\"427\" height=\"604\" srcset=\"https:\/\/www.irppsy.com\/wp-content\/uploads\/2021\/12\/adresse.png 595w, https:\/\/www.irppsy.com\/wp-content\/uploads\/2021\/12\/adresse-212x300.png 212w\" sizes=\"auto, (max-width: 427px) 100vw, 427px\" \/><\/a><\/p>\n<p style=\"text-align: justify;\">Le responsable du traitement des donn\u00e9es est Christophe Cazauvieilh.<\/p>\n<p style=\"text-align: justify;\">L&rsquo;adresse de contact est<\/p>\n<p><a href=\"https:\/\/www.irppsy.com\/wp-content\/uploads\/2021\/12\/image-contact.png\"><img loading=\"lazy\" decoding=\"async\" class=\" wp-image-902\" src=\"https:\/\/www.irppsy.com\/wp-content\/uploads\/2021\/12\/image-contact.png\" alt=\"\" width=\"368\" height=\"520\" srcset=\"https:\/\/www.irppsy.com\/wp-content\/uploads\/2021\/12\/image-contact.png 595w, https:\/\/www.irppsy.com\/wp-content\/uploads\/2021\/12\/image-contact-212x300.png 212w\" sizes=\"auto, (max-width: 368px) 100vw, 368px\" \/><\/a><\/p>\n<h2>Finalit\u00e9s des donn\u00e9es collect\u00e9es ?<\/h2>\n<p style=\"text-align: justify;\">L&rsquo;organisme de formation IRPPSY collecte des donn\u00e9es dans le cadre des inscriptions aux formations, en vertu des dispositions l\u00e9gales en vigueur (coordonn\u00e9es personnelles ou professionnelles, t\u00e9l\u00e9phoniques, profession et justification du statut professionnel ou \u00e9tudiant en vue de l&rsquo;\u00e9ligibilit\u00e9 \u00e0 la formation).\u00a0Pour vous informer des prochaines actions de formations et de supervision, si vous demandez \u00e0 \u00eatre tenu au courant de\u00a0ses activit\u00e9s, l&rsquo;IRPPSY peut collecter vos coordonn\u00e9es (Nom , Pr\u00e9nom, profession et adresse e-mail).<\/p>\n<h2>Caract\u00e8re obligatoire ou facultatif des donn\u00e9es collect\u00e9es :<\/h2>\n<p style=\"text-align: justify;\">Les donn\u00e9es collect\u00e9es pour recevoir des informations sur les activit\u00e9s de l&rsquo;IRPPSY sont \u00e0 caract\u00e8re facultatif, sur la base du volontariat, et n\u00e9cessaires \u00e0 l&rsquo;envoi des informations cibl\u00e9es.<\/p>\n<p style=\"text-align: justify;\">Les donn\u00e9es collect\u00e9es lors de l&rsquo;inscription aux formations (coordonn\u00e9es personnelles ou professionnelles, formation et justification du statut professionnel ou \u00e9tudiant, adresse email, coordonn\u00e9es t\u00e9l\u00e9phoniques) sont obligatoires pour permettre les traitements impos\u00e9s par la r\u00e9glementation sur la formation professionnelle et la l\u00e9gislation en vigueur .<\/p>\n<h2>Destinataire des donn\u00e9es :<\/h2>\n<p style=\"text-align: justify;\">L&rsquo;IRPPSY est le seul destinataire des donn\u00e9es r\u00e9colt\u00e9es dans le cadre de l&rsquo;inscription \u00e0 une action de formation (pour les particuliers, prenant en charge les frais de la formation, hors demande d&rsquo;information dans le cadre des obligations l\u00e9gales li\u00e9es aux activit\u00e9s de l&rsquo;IRPPSY ).<\/p>\n<p style=\"text-align: justify;\">Dans le cadre de l&rsquo;inscription \u00e0 une action de formation pay\u00e9e en tout ou partie par une entreprise ou un organisme financeur,\u00a0les informations peuvent \u00eatre transmises \u00e0 ces entit\u00e9s en vue d&rsquo;\u00e9tablir et de valider la convention de formation, ou dans l&rsquo;ex\u00e9cution, le suivi et la facturation\/paiement de la formation dispens\u00e9e.<\/p>\n<h2>Dur\u00e9e de conservation des donn\u00e9es :<\/h2>\n<p style=\"text-align: justify;\">Les donn\u00e9es recolt\u00e9es pour l&rsquo;envoi d&rsquo;inscription \u00e0 des actions de formation ou de supervision sont conserv\u00e9es dans un d\u00e9lai de 3 ans \u00e0 compter du dernier \u00e9change d&rsquo;information.<\/p>\n<p style=\"text-align: justify;\">Dans le cadre de l&rsquo;inscription \u00e0 une action de formation, les donn\u00e9es sont conserv\u00e9es selon la legislation de conservation des pi\u00e8ces justificatives relatives aux actions de formation continue et les obligations l\u00e9gales li\u00e9es \u00e0 l&rsquo;activit\u00e9 de gestion des organismes de formation.<\/p>\n<h2 style=\"text-align: justify;\">Droits des personnes concern\u00e9es :<\/h2>\n<p style=\"text-align: justify;\">En vertu du R\u00e8glement Europ\u00e9en de Protection des Donn\u00e9es (RGPD), chaque personne ayant consenti au traitement des donn\u00e9es par l&rsquo;IRPPSY b\u00e9n\u00e9ficie d&rsquo;un droit d&rsquo;opposition, d&rsquo;acc\u00e8s, de rectification, d&rsquo;effacement, de limitation, de portabilit\u00e9 et de r\u00e9paration aupr\u00e8s du responsable du traitement des donn\u00e9es dont\u00a0les informations sont mentionn\u00e9es en haut de cette page.<\/p>\n<h2 style=\"text-align: justify;\">M\u00e9diation:<\/h2>\n<p>En cas de probl\u00e8me, l&rsquo;IRPPSY est inscrit dans le processus de m\u00e9diation d\u00e9fini par la loi et peut \u00eatre consult\u00e9 \u00e0 l&rsquo;adresse e-mail :<\/p>\n<p><a href=\"https:\/\/www.irppsy.com\/wp-content\/uploads\/2021\/12\/image-contact.png\"><img loading=\"lazy\" decoding=\"async\" class=\"size-full wp-image-902\" src=\"https:\/\/www.irppsy.com\/wp-content\/uploads\/2021\/12\/image-contact.png\" alt=\"\" width=\"595\" height=\"841\" srcset=\"https:\/\/www.irppsy.com\/wp-content\/uploads\/2021\/12\/image-contact.png 595w, https:\/\/www.irppsy.com\/wp-content\/uploads\/2021\/12\/image-contact-212x300.png 212w\" sizes=\"auto, (max-width: 595px) 100vw, 595px\" \/><\/a><\/p>\n\n","protected":false},"excerpt":{"rendered":"<p>Qui sommes-nous\u00a0? L\u2019adresse du site Web est\u00a0: http:\/\/www.irppsy.com. L&rsquo;organisme de formation IRPPSY est domicili\u00e9 \u00e0 l&rsquo;adresse : Le responsable du traitement des donn\u00e9es est Christophe Cazauvieilh. L&rsquo;adresse de contact est Finalit\u00e9s des donn\u00e9es collect\u00e9es ? L&rsquo;organisme de formation IRPPSY collecte des donn\u00e9es dans le cadre des inscriptions aux formations, en vertu des dispositions l\u00e9gales en &hellip; <\/p>\n<p class=\"link-more\"><a href=\"https:\/\/www.irppsy.com\/index.php\/politique-de-confidentialite-et-rgpd\/\" class=\"more-link\">Continuer la lecture<span class=\"screen-reader-text\"> de &laquo;&nbsp;Gestion des donn\u00e9es personnelles,  politique de confidentialit\u00e9 &#8211; RGPD et m\u00e9diation&nbsp;&raquo;<\/span><\/a><\/p>\n","protected":false},"author":1,"featured_media":0,"parent":0,"menu_order":0,"comment_status":"closed","ping_status":"closed","template":"","meta":{"footnotes":""},"class_list":["post-203","page","type-page","status-publish","hentry"],"_links":{"self":[{"href":"https:\/\/www.irppsy.com\/index.php\/wp-json\/wp\/v2\/pages\/203","targetHints":{"allow":["GET"]}}],"collection":[{"href":"https:\/\/www.irppsy.com\/index.php\/wp-json\/wp\/v2\/pages"}],"about":[{"href":"https:\/\/www.irppsy.com\/index.php\/wp-json\/wp\/v2\/types\/page"}],"author":[{"embeddable":true,"href":"https:\/\/www.irppsy.com\/index.php\/wp-json\/wp\/v2\/users\/1"}],"replies":[{"embeddable":true,"href":"https:\/\/www.irppsy.com\/index.php\/wp-json\/wp\/v2\/comments?post=203"}],"version-history":[{"count":8,"href":"https:\/\/www.irppsy.com\/index.php\/wp-json\/wp\/v2\/pages\/203\/revisions"}],"predecessor-version":[{"id":910,"href":"https:\/\/www.irppsy.com\/index.php\/wp-json\/wp\/v2\/pages\/203\/revisions\/910"}],"wp:attachment":[{"href":"https:\/\/www.irppsy.com\/index.php\/wp-json\/wp\/v2\/media?parent=203"}],"curies":[{"name":"wp","href":"https:\/\/api.w.org\/{rel}","templated":true}]}}