{"id":36,"date":"2017-02-09T17:52:16","date_gmt":"2017-02-09T16:52:16","guid":{"rendered":"http:\/\/www.irppsy.com\/?page_id=36"},"modified":"2025-03-28T13:36:17","modified_gmt":"2025-03-28T12:36:17","slug":"lirppsy","status":"publish","type":"page","link":"https:\/\/www.irppsy.com\/index.php\/lirppsy\/","title":{"rendered":"l&rsquo;Institut pour la Connection entre Recherches et Pratiques en PSYchologie (IRPPSY)"},"content":{"rendered":"<h2 style=\"text-align: center;\"><span style=\"color: #0a3978;\">Connecter Recherches et Pratiques en Psychologie<\/span><\/h2>\n<p style=\"text-align: justify;\"><a href=\"https:\/\/www.irppsy.com\/index.php\/lirppsy\/psychotherapy-466987_1920\/\" rel=\"attachment wp-att-672\"><img loading=\"lazy\" decoding=\"async\" class=\"wp-image-672 size-medium aligncenter\" style=\"margin-left: 10px; margin-right: 10px; border-width: 1px; border-style: solid;\" src=\"https:\/\/www.irppsy.com\/wp-content\/uploads\/2019\/09\/psychotherapy-466987_1920-300x300.jpg\" alt=\"Psychotherapy\" width=\"300\" height=\"300\" srcset=\"https:\/\/www.irppsy.com\/wp-content\/uploads\/2019\/09\/psychotherapy-466987_1920-300x300.jpg 300w, https:\/\/www.irppsy.com\/wp-content\/uploads\/2019\/09\/psychotherapy-466987_1920-150x150.jpg 150w, https:\/\/www.irppsy.com\/wp-content\/uploads\/2019\/09\/psychotherapy-466987_1920-768x768.jpg 768w, https:\/\/www.irppsy.com\/wp-content\/uploads\/2019\/09\/psychotherapy-466987_1920-1024x1024.jpg 1024w, https:\/\/www.irppsy.com\/wp-content\/uploads\/2019\/09\/psychotherapy-466987_1920-70x70.jpg 70w, https:\/\/www.irppsy.com\/wp-content\/uploads\/2019\/09\/psychotherapy-466987_1920-246x246.jpg 246w, https:\/\/www.irppsy.com\/wp-content\/uploads\/2019\/09\/psychotherapy-466987_1920-276x276.jpg 276w, https:\/\/www.irppsy.com\/wp-content\/uploads\/2019\/09\/psychotherapy-466987_1920-125x125.jpg 125w, https:\/\/www.irppsy.com\/wp-content\/uploads\/2019\/09\/psychotherapy-466987_1920.jpg 1920w\" sizes=\"auto, (max-width: 300px) 100vw, 300px\" \/><\/a><strong><span style=\"color: #0a3978;\"><br \/>\nLes pratiques psychoth\u00e9rapeutiques souffrent parfois d&rsquo;un manque de connection aux recherches scientifiques, et quand\u00a0cette connection existe, c&rsquo;est souvent selon\u00a0le principe que la recherche viendrait \u00ab\u00a0informer et guider \u00a0\u00bb la psychoth\u00e9rapie.<\/span> <\/strong><span style=\"color: #0a3978;\">C&rsquo;est moins souvent que la pratique clinique courante et les \u00e9l\u00e9ments recueillis sur le terrain sont consid\u00e9r\u00e9s comme une source de donn\u00e9es probantes.<\/span><\/p>\n<p style=\"text-align: justify;\"><span style=\"color: #0a3978;\"><strong>Faisant ce constat, et partant de l&rsquo;analyse des donn\u00e9es de recherche disponibles sur l&rsquo;efficacit\u00e9 des psychoth\u00e9rapies et sur l&rsquo;am\u00e9lioration de l&rsquo;efficacit\u00e9 th\u00e9rapeutique, dans le courant des ann\u00e9es 2000, une premi\u00e8re initiative RPPSY (Connecter Recherches et Pratiques en Psychoth\u00e9rapie) est lanc\u00e9e en 2009 (\u00e0 l&rsquo;initiative de Christophe Cazauvieilh, Psychologue).\u00a0L&rsquo;objectif initial \u00e9tait de de diffuser\u00a0dans les pays francophones les recherches et les outils li\u00e9s aux travaux du Dr Scott D Miller et de son \u00e9quipe.<\/strong><\/span><\/p>\n<p style=\"text-align: justify;\"><span style=\"color: #0a3978;\"><strong>Apr\u00e8s avoir pr\u00e9sent\u00e9 ces m\u00e9thodes<\/strong><\/span> (symposium, poster, chapitre d&rsquo;ouvrage, site internet et vid\u00e9os didactiques) et enseign\u00e9 ces outils aux cliniciens et professionnels de sant\u00e9, lors de conf\u00e9rences &amp; congr\u00e8s, d&rsquo;ateliers de formation et de s\u00e9minaires (Paris, Bruxelles, Strasbourg, Bordeaux&#8230;),<strong><span style=\"color: #0a3978;\"> l&rsquo;Institut pour la connection entre Recherches et Pratiques en Psychoth\u00e9rapie (IRPPSY) a \u00e9t\u00e9 cr\u00e9e en 2017 pour :<\/span><\/strong><\/p>\n<ul>\n<li style=\"text-align: justify;\"><span style=\"color: #0a3978;\"><strong>Former les praticiens aux\u00a0pratiques psychoth\u00e9rapeutiques innovantes et efficaces<\/strong><\/span>, \u00e0 l&rsquo;IRPPSY, sur site et \u00e0 distance, en mettant constamment l&rsquo;accent sur le lien entre la recherche et la pratique.<\/li>\n<li style=\"text-align: justify;\"><span style=\"color: #0a3978;\"><strong>Former \u00e0 l&rsquo;utilisation des outils et pratiques d&rsquo;\u00e9valuation et d&rsquo;am\u00e9lioration de l&rsquo;efficacit\u00e9 des psychoth\u00e9rapies\u00a0<\/strong><\/span><\/li>\n<li style=\"text-align: justify;\"><span style=\"color: #0a3978;\"><strong>Faciliter la connection et l&rsquo;implication des <span style=\"color: #0a3978;\">praticiens<\/span> dans la recherche<\/strong><\/span>.<\/li>\n<\/ul>\n<p>En 2023, L\u2019Irppsy \u00e9volue encore pour vous proposer de nouvelles formations innovantes en Psychologie connectant les meilleures recherches disponibles aux pratiques les plus avanc\u00e9es<\/p>\n<blockquote>\n<p style=\"text-align: center;\"><em>Au plaisir de vous rencontrer \u00e0 l&rsquo;IRPPSY au cours d&rsquo;une prochaine session de formation.<\/em><\/p>\n<\/blockquote>\n<p style=\"text-align: right;\"><strong><a href=\"http:\/\/www.irppsy.com\/index.php\/lirppsy\/irppsy-photo-christophe-cazauvieilh-phd\/\" rel=\"attachment wp-att-439\"><img loading=\"lazy\" decoding=\"async\" class=\"alignleft wp-image-439\" style=\"margin-left: 20px; margin-right: 20px;\" src=\"http:\/\/www.irppsy.com\/wp-content\/uploads\/2019\/08\/IRPPSY-PHOTO-CHRISTOPHE-CAZAUVIEILH-PHD--e1565798243611.png\" alt=\"IRPPSY PHOTO CHRISTOPHE CAZAUVIEILH PHD\" width=\"200\" height=\"159\" \/><\/a><span style=\"color: #0a3978;\">Christophe Cazauvieilh, PH.D<\/span><\/strong><\/p>\n<p style=\"text-align: right;\"><span style=\"color: #0a3978;\">\u00a0Docteur en Psychologie de l&rsquo;universit\u00e9 de Bordeaux. Qualification aux fonctions de Ma\u00eetre de Conf\u00e9rence (CNU section 16)<\/span><\/p>\n<p style=\"text-align: right;\"><strong><span style=\"color: #0a3978;\">Formateur certifi\u00e9 par l&rsquo;International Center for Clinical Excellence, Chicago<\/span><\/strong><\/p>\n<p style=\"text-align: right;\"><strong><span style=\"color: #0a3978;\">\u00a0 \u00a0 \u00a0 \u00a0 \u00a0 \u00a0 \u00a0 \u00a0 \u00a0 \u00a0 \u00a0 \u00a0 \u00a0 \u00a0 \u00a0 \u00a0 \u00a0 \u00a0 \u00a0 \u00a0 \u00a0 \u00a0 \u00a0 \u00a0 \u00a0 \u00a0 \u00a0 \u00a0 \u00a0 \u00a0 \u00a0 \u00a0 \u00a0 \u00a0 \u00a0 \u00a0 Consultant &amp;\u00a0<\/span><\/strong><strong><span style=\"color: #0a3978;\">Directeur de l&rsquo;IRPPSY<\/span><\/strong><\/p>\n<p><img loading=\"lazy\" decoding=\"async\" class=\"alignnone size-full wp-image-1149\" src=\"https:\/\/www.irppsy.com\/wp-content\/uploads\/2021\/12\/D1B5B12D-9C6D-40F1-B7CF-5DF3C3248544-e1673273232567.png\" alt=\"Profil linkedin Christophe CAZAUVIEILH\" width=\"51\" height=\"51\" \/>\u00a0 <strong><span style=\"color: #0a3978;\"><a href=\"http:\/\/www.linkedin.com\/in\/christophe-cazauvieilh\" target=\"_blank\" rel=\"noopener\">www.linkedin.com\/in\/christophe-cazauvieilh<\/a><\/span><\/strong><\/p>\n","protected":false},"excerpt":{"rendered":"<p>Connecter Recherches et Pratiques en Psychologie Les pratiques psychoth\u00e9rapeutiques souffrent parfois d&rsquo;un manque de connection aux recherches scientifiques, et quand\u00a0cette connection existe, c&rsquo;est souvent selon\u00a0le principe que la recherche viendrait \u00ab\u00a0informer et guider \u00a0\u00bb la psychoth\u00e9rapie. C&rsquo;est moins souvent que la pratique clinique courante et les \u00e9l\u00e9ments recueillis sur le terrain sont consid\u00e9r\u00e9s comme une &hellip; <\/p>\n<p class=\"link-more\"><a href=\"https:\/\/www.irppsy.com\/index.php\/lirppsy\/\" class=\"more-link\">Continuer la lecture<span class=\"screen-reader-text\"> de &laquo;&nbsp;l&rsquo;Institut pour la Connection entre Recherches et Pratiques en PSYchologie (IRPPSY)&nbsp;&raquo;<\/span><\/a><\/p>\n","protected":false},"author":1,"featured_media":0,"parent":0,"menu_order":0,"comment_status":"closed","ping_status":"closed","template":"","meta":{"footnotes":""},"class_list":["post-36","page","type-page","status-publish","hentry"],"_links":{"self":[{"href":"https:\/\/www.irppsy.com\/index.php\/wp-json\/wp\/v2\/pages\/36","targetHints":{"allow":["GET"]}}],"collection":[{"href":"https:\/\/www.irppsy.com\/index.php\/wp-json\/wp\/v2\/pages"}],"about":[{"href":"https:\/\/www.irppsy.com\/index.php\/wp-json\/wp\/v2\/types\/page"}],"author":[{"embeddable":true,"href":"https:\/\/www.irppsy.com\/index.php\/wp-json\/wp\/v2\/users\/1"}],"replies":[{"embeddable":true,"href":"https:\/\/www.irppsy.com\/index.php\/wp-json\/wp\/v2\/comments?post=36"}],"version-history":[{"count":40,"href":"https:\/\/www.irppsy.com\/index.php\/wp-json\/wp\/v2\/pages\/36\/revisions"}],"predecessor-version":[{"id":1260,"href":"https:\/\/www.irppsy.com\/index.php\/wp-json\/wp\/v2\/pages\/36\/revisions\/1260"}],"wp:attachment":[{"href":"https:\/\/www.irppsy.com\/index.php\/wp-json\/wp\/v2\/media?parent=36"}],"curies":[{"name":"wp","href":"https:\/\/api.w.org\/{rel}","templated":true}]}}